{"id":196,"date":"2021-05-13T17:20:13","date_gmt":"2021-05-13T17:20:13","guid":{"rendered":"https:\/\/www.solinarka.com\/?page_id=196"},"modified":"2025-05-20T06:51:41","modified_gmt":"2025-05-20T06:51:41","slug":"panoramski-izlet","status":"publish","type":"page","link":"https:\/\/www.solinarka.com\/en\/","title":{"rendered":"We offer:"},"content":{"rendered":"<p><em>IMPORTANT: We do not conduct individual excursions, but only group reservations.<\/em>asebni najem ladjice.<\/p>\n\n\n\n<h2 id=\"panoramski-izlet\"><strong>Panoramic trip<\/strong> <\/h2>\n\n\n\n<p>Take a ride along the Slovenian coast with the boat Solinarka! The panoramic ride takes&nbsp;<strong>1,5 hour<\/strong>&nbsp;and is the perfect choice to see the Slovenian coast from the sea. The place of departure and arrival can be determined by you, the driving route can also be adapted to your wishes.<\/p>\n\n\n\n<p>While driving, you can enjoy the view of the Piran Bay, the natural beach of Bele skale, the whole Portoro\u017e and much more!<\/p>\n\n\n\n<p>Possibility of additional payment for a panoramic trip with food (prosciutto, cheese, cod, olives, bread).<\/p>\n\n\n\n<figure class=\"wp-block-image size-large\"><img loading=\"lazy\" width=\"1024\" height=\"439\" src=\"https:\/\/www.solinarka.com\/wp-content\/uploads\/2023\/05\/Untitled-design-1-1024x439.jpg\" alt=\"Solinarka panorama\" class=\"wp-image-325\" srcset=\"https:\/\/www.solinarka.com\/wp-content\/uploads\/2023\/05\/Untitled-design-1-1024x439.jpg 1024w, https:\/\/www.solinarka.com\/wp-content\/uploads\/2023\/05\/Untitled-design-1-300x129.jpg 300w, https:\/\/www.solinarka.com\/wp-content\/uploads\/2023\/05\/Untitled-design-1-768x329.jpg 768w, https:\/\/www.solinarka.com\/wp-content\/uploads\/2023\/05\/Untitled-design-1-1536x658.jpg 1536w, https:\/\/www.solinarka.com\/wp-content\/uploads\/2023\/05\/Untitled-design-1-18x8.jpg 18w, https:\/\/www.solinarka.com\/wp-content\/uploads\/2023\/05\/Untitled-design-1.jpg 1694w\" sizes=\"(max-width: 1024px) 100vw, 1024px\" \/><\/figure>\n\n\n\n<p>The price depends on the number of people and additional individual wishes. Boat takes up to <strong>50 people<\/strong>.<\/p>\n\n\n\n<p>To book an appointment or ask for additional info. contact us on phone no.&nbsp;<strong>+386 31 653 682<\/strong>&nbsp;or write to us via mail:&nbsp;<strong>ladjica.solinarka@gmail.com<\/strong>.<\/p>\n\n\n\n<p><\/p>\n\n\n\n<h2 id=\"piknik-na-morju\"><strong>Picnic on boat Solinarka<\/strong> <\/h2>\n\n\n\n<figure class=\"wp-block-image size-large is-resized\"><img loading=\"lazy\" src=\"https:\/\/www.solinarka.com\/wp-content\/uploads\/2021\/06\/Izdelek-brez-naslova-1-1024x309.jpg\" alt=\"Piknik\" class=\"wp-image-226\" width=\"743\" height=\"228\"\/><\/figure>\n\n\n\n<h2 id=\"riba-orada-4-ure\"><strong>Piknik 4 ure &#8211; Riba Orada <\/strong><\/h2>\n\n\n\n<p>We offer you a picnic on the sea with the boat Solinarka! The picnic lasts up to&nbsp;<strong>4 hours<\/strong>&nbsp;and includes the following dishes:<\/p>\n\n\n\n<ul><li>Slice of prosciutto, cheese, olives and cod with bread<\/li><li>Sea bream fish with potato salad<\/li><li>Drinks (local white wine, local red wine, sparkling water, juice and water)<\/li><\/ul>\n\n\n\n<p>Veggie or meat dishes are also possible by arrangement.<\/p>\n\n\n\n<figure class=\"wp-block-image size-large is-resized\"><img loading=\"lazy\" src=\"https:\/\/www.solinarka.com\/wp-content\/uploads\/2021\/09\/20210909_143325-1024x576.jpg\" alt=\"\" class=\"wp-image-286\" width=\"569\" height=\"320\" srcset=\"https:\/\/www.solinarka.com\/wp-content\/uploads\/2021\/09\/20210909_143325-1024x576.jpg 1024w, https:\/\/www.solinarka.com\/wp-content\/uploads\/2021\/09\/20210909_143325-300x169.jpg 300w, https:\/\/www.solinarka.com\/wp-content\/uploads\/2021\/09\/20210909_143325-768x432.jpg 768w, https:\/\/www.solinarka.com\/wp-content\/uploads\/2021\/09\/20210909_143325-1536x864.jpg 1536w, https:\/\/www.solinarka.com\/wp-content\/uploads\/2021\/09\/20210909_143325-2048x1152.jpg 2048w, https:\/\/www.solinarka.com\/wp-content\/uploads\/2021\/09\/20210909_143325-18x10.jpg 18w\" sizes=\"(max-width: 569px) 100vw, 569px\" \/><\/figure>\n\n\n\n<p>The price depends on the number of people and additional individual wishes. In case of a picnic the boat takes up to <strong>40 people<\/strong>.<\/p>\n\n\n\n<p>To book an appointment or ask for additional info. contact us on phone no. <strong>+386 31 653 682<\/strong>&nbsp;or write to us via mail:&nbsp;<strong><strong>ladjica.solinarka@gmail.com<\/strong><\/strong>.<\/p>\n\n\n\n<h2 id=\"sardele-2-uri\"><strong>Piknik 2 ure &#8211; Narezek<\/strong><\/h2>\n\n\n\n<p>We offer you a picnic on boat that lasts up to 2 hours. <strong>2 uri<\/strong>.<\/p>\n\n\n\n<p>You can choose from options below (same for the whole group):<\/p>\n\n\n\n<ul><li>Cold cuts: prosciutto, cheese, olives and cod with bread<\/li><li>Narezek: in\u010duni, sir, olive in bakala s kruhom<\/li><\/ul>\n\n\n<p>+ Drinks (local white wine, local red wine, sparkling water, juice and water)<\/p>\n\n\n<figure class=\"wp-block-image size-large is-resized\"><img loading=\"lazy\" src=\"https:\/\/www.solinarka.com\/wp-content\/uploads\/2024\/07\/IMG_2046-1024x394.jpg\" alt=\"\" class=\"wp-image-482\" width=\"567\" height=\"218\" srcset=\"https:\/\/www.solinarka.com\/wp-content\/uploads\/2024\/07\/IMG_2046-1024x394.jpg 1024w, https:\/\/www.solinarka.com\/wp-content\/uploads\/2024\/07\/IMG_2046-300x116.jpg 300w, https:\/\/www.solinarka.com\/wp-content\/uploads\/2024\/07\/IMG_2046-768x296.jpg 768w, https:\/\/www.solinarka.com\/wp-content\/uploads\/2024\/07\/IMG_2046-1536x592.jpg 1536w, https:\/\/www.solinarka.com\/wp-content\/uploads\/2024\/07\/IMG_2046-2048x789.jpg 2048w, https:\/\/www.solinarka.com\/wp-content\/uploads\/2024\/07\/IMG_2046-18x7.jpg 18w\" sizes=\"(max-width: 567px) 100vw, 567px\" \/><\/figure>\n\n\n\n<p>The price depends on the number of people and additional individual wishes. In case of a picnic the boat takes up to <strong>40 people<\/strong>.<\/p>\n\n\n\n<p>To book an appointment or ask for additional info. contact us on phone no. <strong>+386 31 653 682<\/strong>&nbsp;or write to us via mail:&nbsp;<strong><strong>ladjica.solinarka@gmail.com<\/strong><\/strong>.<\/p>\n\n\n\n<p><\/p>\n\n\n\n<h2 id=\"ogled-secoveljskih-solin\"><strong>Visit to the Siccole salt pans<\/strong><\/h2>\n\n\n\n<p>The boat Solinarka is the only boat with which you can visit the heart of the Siccole salt pans.<\/p>\n\n\n\n<p>The trail starts by entering the Grande canal, then you arrive at the pier, where the staff from the salt pans awaits you.<\/p>\n\n\n\n<figure class=\"wp-block-image size-full is-resized\"><img loading=\"lazy\" src=\"https:\/\/www.solinarka.com\/wp-content\/uploads\/2022\/02\/Untitled-design-1-1.jpg\" alt=\"\" class=\"wp-image-311\" width=\"661\" height=\"247\" srcset=\"https:\/\/www.solinarka.com\/wp-content\/uploads\/2022\/02\/Untitled-design-1-1.jpg 952w, https:\/\/www.solinarka.com\/wp-content\/uploads\/2022\/02\/Untitled-design-1-1-300x112.jpg 300w, https:\/\/www.solinarka.com\/wp-content\/uploads\/2022\/02\/Untitled-design-1-1-768x287.jpg 768w, https:\/\/www.solinarka.com\/wp-content\/uploads\/2022\/02\/Untitled-design-1-1-18x7.jpg 18w\" sizes=\"(max-width: 661px) 100vw, 661px\" \/><\/figure>\n\n\n\n<p>The price of transportation depends on the number of people. In addition to the price of transport, it is necessary to pay an entrance fee for the salt pans according to their price list.<\/p>\n\n\n\n<p>To book an appointment or more info. we can be reached at phone no.&nbsp;<strong><strong>+386 31 653 682<\/strong><\/strong>&nbsp;or write to us via mail:&nbsp;<strong><strong>ladjica.solinarka@gmail.com<\/strong><\/strong>.<\/p>\n\n\n\n<p><\/p>\n\n\n\n<h2 id=\"solski-izleti\"><strong>School trip<\/strong><\/h2>\n\n\n\n<figure class=\"wp-block-image is-resized\"><img loading=\"lazy\" src=\"https:\/\/www.solinarka.com\/wp-content\/uploads\/2021\/05\/Solski-izlez-z-ladjico-Solinarka-1-724x1024.jpg\" alt=\"\" class=\"wp-image-123\" width=\"531\" height=\"751\" srcset=\"https:\/\/www.solinarka.com\/wp-content\/uploads\/2021\/05\/Solski-izlez-z-ladjico-Solinarka-1-724x1024.jpg 724w, https:\/\/www.solinarka.com\/wp-content\/uploads\/2021\/05\/Solski-izlez-z-ladjico-Solinarka-1-212x300.jpg 212w, https:\/\/www.solinarka.com\/wp-content\/uploads\/2021\/05\/Solski-izlez-z-ladjico-Solinarka-1-768x1086.jpg 768w, https:\/\/www.solinarka.com\/wp-content\/uploads\/2021\/05\/Solski-izlez-z-ladjico-Solinarka-1-1086x1536.jpg 1086w, https:\/\/www.solinarka.com\/wp-content\/uploads\/2021\/05\/Solski-izlez-z-ladjico-Solinarka-1.jpg 1414w\" sizes=\"(max-width: 531px) 100vw, 531px\" \/><\/figure>\n\n\n\n<p><\/p>\n\n\n\n<h2 id=\"kopanje-na-morju\"><strong>Swimming at sea<\/strong><\/h2>\n\n\n\n<p>We also offer the possibility of swimming in the desired destination, where swimming is allowed. We recommend swimming along the natural beach on Belie skale.<\/p>\n\n\n\n<figure class=\"wp-block-image size-full is-resized\"><img loading=\"lazy\" src=\"https:\/\/www.solinarka.com\/wp-content\/uploads\/2022\/02\/Untitled-design-2-1.jpg\" alt=\"\" class=\"wp-image-316\" width=\"650\" height=\"233\" srcset=\"https:\/\/www.solinarka.com\/wp-content\/uploads\/2022\/02\/Untitled-design-2-1.jpg 954w, https:\/\/www.solinarka.com\/wp-content\/uploads\/2022\/02\/Untitled-design-2-1-300x108.jpg 300w, https:\/\/www.solinarka.com\/wp-content\/uploads\/2022\/02\/Untitled-design-2-1-768x275.jpg 768w, https:\/\/www.solinarka.com\/wp-content\/uploads\/2022\/02\/Untitled-design-2-1-18x6.jpg 18w\" sizes=\"(max-width: 650px) 100vw, 650px\" \/><\/figure>\n\n\n\n<p>To book an appointment or more info. we can be reached at phone no.&nbsp;<strong><strong>+386 31 653 682<\/strong><\/strong>&nbsp;or write to us via mail: <strong>ladjica.solinarka@gmail.com<\/strong>.<\/p>\n\n\n\n<p><\/p>","protected":false},"excerpt":{"rendered":"<p>POMEMBNO: Ne izvajamo individualnih izletov, temve\u010d le skupinske rezervacije &#8211; zasebni najem ladjice. Panoramski izlet Popeljite se ob slovenski obali z ladjico Solinarka! Panoramska vo\u017enja traja&nbsp;1,5 ure&nbsp;in je popolna izbira za ogled slovenske obale iz morja. Mesto odhoda in prihoda lahko dolo\u010dite vi, pot vo\u017enje je tudi lahko prilagojena va\u0161im<\/p>","protected":false},"author":1,"featured_media":0,"parent":0,"menu_order":0,"comment_status":"closed","ping_status":"closed","template":"","meta":{"spay_email":""},"_links":{"self":[{"href":"https:\/\/www.solinarka.com\/en\/wp-json\/wp\/v2\/pages\/196"}],"collection":[{"href":"https:\/\/www.solinarka.com\/en\/wp-json\/wp\/v2\/pages"}],"about":[{"href":"https:\/\/www.solinarka.com\/en\/wp-json\/wp\/v2\/types\/page"}],"author":[{"embeddable":true,"href":"https:\/\/www.solinarka.com\/en\/wp-json\/wp\/v2\/users\/1"}],"replies":[{"embeddable":true,"href":"https:\/\/www.solinarka.com\/en\/wp-json\/wp\/v2\/comments?post=196"}],"version-history":[{"count":45,"href":"https:\/\/www.solinarka.com\/en\/wp-json\/wp\/v2\/pages\/196\/revisions"}],"predecessor-version":[{"id":489,"href":"https:\/\/www.solinarka.com\/en\/wp-json\/wp\/v2\/pages\/196\/revisions\/489"}],"wp:attachment":[{"href":"https:\/\/www.solinarka.com\/en\/wp-json\/wp\/v2\/media?parent=196"}],"curies":[{"name":"wp","href":"https:\/\/api.w.org\/{rel}","templated":true}]}}