{"id":196,"date":"2021-05-13T17:20:13","date_gmt":"2021-05-13T17:20:13","guid":{"rendered":"https:\/\/www.solinarka.com\/?page_id=196"},"modified":"2025-05-20T06:51:41","modified_gmt":"2025-05-20T06:51:41","slug":"panoramski-izlet","status":"publish","type":"page","link":"https:\/\/www.solinarka.com\/sl\/","title":{"rendered":"Ponudba izletov s Solinarko"},"content":{"rendered":"\n<p><em>POMEMBNO:  Ne izvajamo individualnih izletov, temve\u010d le skupinske rezervacije &#8211; z<\/em>asebni najem ladjice.<\/p>\n\n\n\n<h2 id=\"panoramski-izlet\"><strong>Panoramski izlet<\/strong> <\/h2>\n\n\n\n<p>Popeljite se ob slovenski obali z ladjico Solinarka! Panoramska vo\u017enja traja&nbsp;<strong>1,5 ure<\/strong>&nbsp;in je popolna izbira za ogled slovenske obale iz morja. Mesto odhoda in prihoda lahko dolo\u010dite vi, pot vo\u017enje je tudi lahko prilagojena va\u0161im \u017eeljam.<\/p>\n\n\n\n<p>Med vo\u017enjo lahko u\u017eivate med pogledom na Piranski zaliv, naravna pla\u017ea Bele skale, celoten Portoro\u017e in veliko ve\u010d!<\/p>\n\n\n\n<p>Mo\u017enost dopla\u010dila za panoramski izlet z narezkom (pr\u0161ut, sir, bakala, olive, kruh).<\/p>\n\n\n\n<figure class=\"wp-block-image size-large\"><img loading=\"lazy\" width=\"1024\" height=\"439\" src=\"https:\/\/www.solinarka.com\/wp-content\/uploads\/2023\/05\/Untitled-design-1-1024x439.jpg\" alt=\"Solinarka panorama\" class=\"wp-image-325\" srcset=\"https:\/\/www.solinarka.com\/wp-content\/uploads\/2023\/05\/Untitled-design-1-1024x439.jpg 1024w, https:\/\/www.solinarka.com\/wp-content\/uploads\/2023\/05\/Untitled-design-1-300x129.jpg 300w, https:\/\/www.solinarka.com\/wp-content\/uploads\/2023\/05\/Untitled-design-1-768x329.jpg 768w, https:\/\/www.solinarka.com\/wp-content\/uploads\/2023\/05\/Untitled-design-1-1536x658.jpg 1536w, https:\/\/www.solinarka.com\/wp-content\/uploads\/2023\/05\/Untitled-design-1-18x8.jpg 18w, https:\/\/www.solinarka.com\/wp-content\/uploads\/2023\/05\/Untitled-design-1.jpg 1694w\" sizes=\"(max-width: 1024px) 100vw, 1024px\" \/><\/figure>\n\n\n\n<p>Cena je odvisna od \u0161tevila oseb in dodatnih posameznikovih \u017eelj. Ladjica sprejme do <strong>50 oseb<\/strong>.<\/p>\n\n\n\n<p>Za rezervacijo termina ali dodatne info. nas kontaktirajte na tel. \u0161t.&nbsp;<strong>+386 31 653 682<\/strong>&nbsp;ali na mail naslov&nbsp;<strong>ladjica.solinarka@gmail.com<\/strong>.<\/p>\n\n\n\n<p><\/p>\n\n\n\n<h2 id=\"piknik-na-morju\"><strong>Piknik na morju<\/strong> <\/h2>\n\n\n\n<figure class=\"wp-block-image size-large is-resized\"><img loading=\"lazy\" src=\"https:\/\/www.solinarka.com\/wp-content\/uploads\/2021\/06\/Izdelek-brez-naslova-1-1024x309.jpg\" alt=\"Piknik\" class=\"wp-image-226\" width=\"743\" height=\"228\"\/><\/figure>\n\n\n\n<h2 id=\"riba-orada-4-ure\"><strong>Piknik 4 ure &#8211; Riba Orada <\/strong><\/h2>\n\n\n\n<p>Ponujamo vam piknik na morju z ladjico Solinarka! Piknik traja do&nbsp;<strong>4 ure<\/strong>&nbsp;in obsega naslednje jedi:<\/p>\n\n\n\n<ul><li>Narezek pr\u0161uta, sira, oliv in bakalaja s kruhom<\/li><li>Riba Orada s krompirjevo solato<\/li><li>Pija\u010da (doma\u010de belo vino, doma\u010de rde\u010de vino, radenska, sok in voda)<\/li><\/ul>\n\n\n\n<p>Po dogovoru mo\u017ena tudi vegi ali mesna jed.<\/p>\n\n\n\n<figure class=\"wp-block-image size-large is-resized\"><img loading=\"lazy\" src=\"https:\/\/www.solinarka.com\/wp-content\/uploads\/2021\/09\/20210909_143325-1024x576.jpg\" alt=\"\" class=\"wp-image-286\" width=\"569\" height=\"320\" srcset=\"https:\/\/www.solinarka.com\/wp-content\/uploads\/2021\/09\/20210909_143325-1024x576.jpg 1024w, https:\/\/www.solinarka.com\/wp-content\/uploads\/2021\/09\/20210909_143325-300x169.jpg 300w, https:\/\/www.solinarka.com\/wp-content\/uploads\/2021\/09\/20210909_143325-768x432.jpg 768w, https:\/\/www.solinarka.com\/wp-content\/uploads\/2021\/09\/20210909_143325-1536x864.jpg 1536w, https:\/\/www.solinarka.com\/wp-content\/uploads\/2021\/09\/20210909_143325-2048x1152.jpg 2048w, https:\/\/www.solinarka.com\/wp-content\/uploads\/2021\/09\/20210909_143325-18x10.jpg 18w\" sizes=\"(max-width: 569px) 100vw, 569px\" \/><\/figure>\n\n\n\n<p>Cena je odvisna od \u0161tevila oseb in dodatnih posameznikovih \u017eelj. V primeru hrane je zaradi postavitve miz \u0161tevilo omejeno na <strong>40 oseb<\/strong>.<\/p>\n\n\n\n<p>Za rezervacijo termina ali dodatne info. nas kontaktirajte na tel. \u0161t. <strong>+386 31 653 682<\/strong>&nbsp;ali na mail naslov&nbsp;<strong><strong>ladjica.solinarka@gmail.com<\/strong><\/strong>.<\/p>\n\n\n\n<h2 id=\"sardele-2-uri\"><strong>Piknik 2 ure &#8211; Narezek<\/strong><\/h2>\n\n\n\n<p>Ponujamo vam piknik na morju, trajanje do <strong>2 uri<\/strong>.<\/p>\n\n\n\n<p>Izbirate lahko med naslednjimi jedmi (za celotno skupino isto):<\/p>\n\n\n\n<ul><li>Narezek: pr\u0161ut, sira, olive in bakala s kruhom<\/li><li>Narezek: in\u010duni, sir, olive in bakala s kruhom<\/li><\/ul>\n\n\n<p>+ Pija\u010da (rde\u010de vino, belo vino, sok, radenska, voda, radenska)<\/p>\n\n\n<figure class=\"wp-block-image size-large is-resized\"><img loading=\"lazy\" src=\"https:\/\/www.solinarka.com\/wp-content\/uploads\/2024\/07\/IMG_2046-1024x394.jpg\" alt=\"\" class=\"wp-image-482\" width=\"567\" height=\"218\" srcset=\"https:\/\/www.solinarka.com\/wp-content\/uploads\/2024\/07\/IMG_2046-1024x394.jpg 1024w, https:\/\/www.solinarka.com\/wp-content\/uploads\/2024\/07\/IMG_2046-300x116.jpg 300w, https:\/\/www.solinarka.com\/wp-content\/uploads\/2024\/07\/IMG_2046-768x296.jpg 768w, https:\/\/www.solinarka.com\/wp-content\/uploads\/2024\/07\/IMG_2046-1536x592.jpg 1536w, https:\/\/www.solinarka.com\/wp-content\/uploads\/2024\/07\/IMG_2046-2048x789.jpg 2048w, https:\/\/www.solinarka.com\/wp-content\/uploads\/2024\/07\/IMG_2046-18x7.jpg 18w\" sizes=\"(max-width: 567px) 100vw, 567px\" \/><\/figure>\n\n\n\n<p>Cena je odvisna od \u0161tevila oseb in dodatnih posameznikovih \u017eelj. V primeru hrane je zaradi postavitve miz \u0161tevilo omejeno na <strong>40 oseb<\/strong>.<\/p>\n\n\n\n<p>Za rezervacijo termina ali dodatne info. nas kontaktirajte na tel. \u0161t. <strong>+386 31 653 682<\/strong>&nbsp;ali na mail naslov&nbsp;<strong><strong>ladjica.solinarka@gmail.com<\/strong><\/strong>.<\/p>\n\n\n\n<p><\/p>\n\n\n\n<h2 id=\"ogled-secoveljskih-solin\"><strong>Ogled Se\u010doveljskih solin<\/strong><\/h2>\n\n\n\n<p>Ladjica Solinarka je edina ladjica, s katero lahko obi\u0161\u010dete osr\u010dje Se\u010doveljskih solin.<\/p>\n\n\n\n<p>Pot se pri\u010dne z vstopom v kanal Grande, nato prispete na pomol, kjer vas pri\u010daka osebje iz Se\u010doveljskih solin.<\/p>\n\n\n\n<figure class=\"wp-block-image size-full is-resized\"><img loading=\"lazy\" src=\"https:\/\/www.solinarka.com\/wp-content\/uploads\/2022\/02\/Untitled-design-1-1.jpg\" alt=\"\" class=\"wp-image-311\" width=\"661\" height=\"247\" srcset=\"https:\/\/www.solinarka.com\/wp-content\/uploads\/2022\/02\/Untitled-design-1-1.jpg 952w, https:\/\/www.solinarka.com\/wp-content\/uploads\/2022\/02\/Untitled-design-1-1-300x112.jpg 300w, https:\/\/www.solinarka.com\/wp-content\/uploads\/2022\/02\/Untitled-design-1-1-768x287.jpg 768w, https:\/\/www.solinarka.com\/wp-content\/uploads\/2022\/02\/Untitled-design-1-1-18x7.jpg 18w\" sizes=\"(max-width: 661px) 100vw, 661px\" \/><\/figure>\n\n\n\n<p>Cena prevoza je odvisna od \u0161tevila oseb. K ceni prevoza je potrebno pla\u010dati \u0161e vstopnino za v krajinski park Se\u010doveljske soline po njihovem ceniku.<\/p>\n\n\n\n<p>Za rezervacijo termina ali ve\u010d info. smo dosegljivi na tel. \u0161t.&nbsp;<strong><strong>+386 31 653 682<\/strong><\/strong>&nbsp;ali na mail naslov&nbsp;<strong><strong>ladjica.solinarka@gmail.com<\/strong><\/strong>.<\/p>\n\n\n\n<p><\/p>\n\n\n\n<h2 id=\"solski-izleti\"><strong>\u0160olski izleti<\/strong><\/h2>\n\n\n\n<figure class=\"wp-block-image is-resized\"><img loading=\"lazy\" src=\"https:\/\/www.solinarka.com\/wp-content\/uploads\/2021\/05\/Solski-izlez-z-ladjico-Solinarka-1-724x1024.jpg\" alt=\"\" class=\"wp-image-123\" width=\"531\" height=\"751\" srcset=\"https:\/\/www.solinarka.com\/wp-content\/uploads\/2021\/05\/Solski-izlez-z-ladjico-Solinarka-1-724x1024.jpg 724w, https:\/\/www.solinarka.com\/wp-content\/uploads\/2021\/05\/Solski-izlez-z-ladjico-Solinarka-1-212x300.jpg 212w, https:\/\/www.solinarka.com\/wp-content\/uploads\/2021\/05\/Solski-izlez-z-ladjico-Solinarka-1-768x1086.jpg 768w, https:\/\/www.solinarka.com\/wp-content\/uploads\/2021\/05\/Solski-izlez-z-ladjico-Solinarka-1-1086x1536.jpg 1086w, https:\/\/www.solinarka.com\/wp-content\/uploads\/2021\/05\/Solski-izlez-z-ladjico-Solinarka-1.jpg 1414w\" sizes=\"(max-width: 531px) 100vw, 531px\" \/><\/figure>\n\n\n\n<p><\/p>\n\n\n\n<h2 id=\"kopanje-na-morju\"><strong>Kopanje na morju<\/strong><\/h2>\n\n\n\n<p>Ponujamo tudi mo\u017enost kopanja na \u017eeljeni destinaciji, kjer je kopanje dovoljeno. Priporo\u010damo kopanje ob naravni pla\u017ei na Belih skalah.<\/p>\n\n\n\n<figure class=\"wp-block-image size-full is-resized\"><img loading=\"lazy\" src=\"https:\/\/www.solinarka.com\/wp-content\/uploads\/2022\/02\/Untitled-design-2-1.jpg\" alt=\"\" class=\"wp-image-316\" width=\"650\" height=\"233\" srcset=\"https:\/\/www.solinarka.com\/wp-content\/uploads\/2022\/02\/Untitled-design-2-1.jpg 954w, https:\/\/www.solinarka.com\/wp-content\/uploads\/2022\/02\/Untitled-design-2-1-300x108.jpg 300w, https:\/\/www.solinarka.com\/wp-content\/uploads\/2022\/02\/Untitled-design-2-1-768x275.jpg 768w, https:\/\/www.solinarka.com\/wp-content\/uploads\/2022\/02\/Untitled-design-2-1-18x6.jpg 18w\" sizes=\"(max-width: 650px) 100vw, 650px\" \/><\/figure>\n\n\n\n<p>Za rezervacijo termina ali ve\u010d info. smo vam dosegljivi tudi na tel \u0161t.&nbsp;<strong><strong>+386 31 653 682<\/strong><\/strong>&nbsp;ali na mail naslov <strong>ladjica.solinarka@gmail.com<\/strong>.<\/p>\n\n\n\n<p><\/p>\n","protected":false},"excerpt":{"rendered":"<p>POMEMBNO: Ne izvajamo individualnih izletov, temve\u010d le skupinske rezervacije &#8211; zasebni najem ladjice. Panoramski izlet Popeljite se ob slovenski obali z ladjico Solinarka! Panoramska vo\u017enja traja&nbsp;1,5 ure&nbsp;in je popolna izbira za ogled slovenske obale iz morja. Mesto odhoda in prihoda lahko dolo\u010dite vi, pot vo\u017enje je tudi lahko prilagojena va\u0161im<\/p>\n","protected":false},"author":1,"featured_media":0,"parent":0,"menu_order":0,"comment_status":"closed","ping_status":"closed","template":"","meta":{"spay_email":""},"_links":{"self":[{"href":"https:\/\/www.solinarka.com\/sl\/wp-json\/wp\/v2\/pages\/196"}],"collection":[{"href":"https:\/\/www.solinarka.com\/sl\/wp-json\/wp\/v2\/pages"}],"about":[{"href":"https:\/\/www.solinarka.com\/sl\/wp-json\/wp\/v2\/types\/page"}],"author":[{"embeddable":true,"href":"https:\/\/www.solinarka.com\/sl\/wp-json\/wp\/v2\/users\/1"}],"replies":[{"embeddable":true,"href":"https:\/\/www.solinarka.com\/sl\/wp-json\/wp\/v2\/comments?post=196"}],"version-history":[{"count":45,"href":"https:\/\/www.solinarka.com\/sl\/wp-json\/wp\/v2\/pages\/196\/revisions"}],"predecessor-version":[{"id":489,"href":"https:\/\/www.solinarka.com\/sl\/wp-json\/wp\/v2\/pages\/196\/revisions\/489"}],"wp:attachment":[{"href":"https:\/\/www.solinarka.com\/sl\/wp-json\/wp\/v2\/media?parent=196"}],"curies":[{"name":"wp","href":"https:\/\/api.w.org\/{rel}","templated":true}]}}