{"id":72,"date":"2021-05-13T10:09:33","date_gmt":"2021-05-13T10:09:33","guid":{"rendered":"https:\/\/www.solinarka.com\/?page_id=72"},"modified":"2025-10-10T07:40:17","modified_gmt":"2025-10-10T07:40:17","slug":"piknik","status":"publish","type":"page","link":"https:\/\/www.solinarka.com\/sl\/piknik\/","title":{"rendered":"Piknik na morju"},"content":{"rendered":"\n<figure class=\"wp-block-image size-large is-resized\"><img loading=\"lazy\" src=\"https:\/\/www.solinarka.com\/wp-content\/uploads\/2021\/06\/Izdelek-brez-naslova-1-1024x309.jpg\" alt=\"Piknik\" class=\"wp-image-226\" width=\"854\" height=\"258\" srcset=\"https:\/\/www.solinarka.com\/wp-content\/uploads\/2021\/06\/Izdelek-brez-naslova-1-1024x309.jpg 1024w, https:\/\/www.solinarka.com\/wp-content\/uploads\/2021\/06\/Izdelek-brez-naslova-1-300x91.jpg 300w, https:\/\/www.solinarka.com\/wp-content\/uploads\/2021\/06\/Izdelek-brez-naslova-1-768x232.jpg 768w, https:\/\/www.solinarka.com\/wp-content\/uploads\/2021\/06\/Izdelek-brez-naslova-1-1536x464.jpg 1536w, https:\/\/www.solinarka.com\/wp-content\/uploads\/2021\/06\/Izdelek-brez-naslova-1-2048x618.jpg 2048w\" sizes=\"(max-width: 854px) 100vw, 854px\" \/><\/figure>\n\n\n\n<h2 id=\"4-urni-piknik-riba-orada\">4 urni piknik &#8211; Riba Orada<\/h2>\n\n\n\n<p>Ponujamo vam piknik na morju z ladjico Solinarka! Piknik traja do <strong>4 ure<\/strong> in obsega naslednje jedi:<\/p>\n\n\n\n<ul><li>Narezek (pr\u0161ut, sir, olive in bakala s kruhom) ali (marinirane sardele, in\u010duni v slanici, sir, olive in bakala s kruhom)<\/li><li>Riba Orada s krompirjevo solato<\/li><li>Pija\u010da (belo vino, rde\u010de vino, radenska, sok in voda)<\/li><\/ul>\n\n\n\n<p>Po dogovoru mo\u017ena tudi vegi ali mesna jed.<\/p>\n\n\n\n<figure class=\"wp-block-image size-large is-resized\"><img loading=\"lazy\" src=\"https:\/\/www.solinarka.com\/wp-content\/uploads\/2021\/09\/20210909_143325-1-1024x576.jpg\" alt=\"\" class=\"wp-image-288\" width=\"562\" height=\"315\" srcset=\"https:\/\/www.solinarka.com\/wp-content\/uploads\/2021\/09\/20210909_143325-1-1024x576.jpg 1024w, https:\/\/www.solinarka.com\/wp-content\/uploads\/2021\/09\/20210909_143325-1-300x169.jpg 300w, https:\/\/www.solinarka.com\/wp-content\/uploads\/2021\/09\/20210909_143325-1-768x432.jpg 768w, https:\/\/www.solinarka.com\/wp-content\/uploads\/2021\/09\/20210909_143325-1-1536x864.jpg 1536w, https:\/\/www.solinarka.com\/wp-content\/uploads\/2021\/09\/20210909_143325-1-2048x1152.jpg 2048w, https:\/\/www.solinarka.com\/wp-content\/uploads\/2021\/09\/20210909_143325-1-18x10.jpg 18w\" sizes=\"(max-width: 562px) 100vw, 562px\" \/><\/figure>\n\n\n\n<p>Cena je odvisna od \u0161tevila oseb in dodatnih posameznikovih \u017eelj. V primeru hrane je zaradi postavitve miz \u0161tevilo omejeno na <strong>40 oseb<\/strong>.<\/p>\n\n\n\n<p>Za rezervacijo termina ali dodatne info. nas kontaktirajte na tel. \u0161t. <strong>+386 31 653 682<\/strong> ali na mail naslov <strong><strong>ladjica.solinarka@gmail.com<\/strong><\/strong>.<\/p>\n\n\n\n<p><\/p>\n\n\n\n<h2 id=\"2-urni-piknik-sardele\">2 urni piknik &#8211; Narezek<\/h2>\n\n\n\n<p>Ponujamo vam piknik na morju, trajanje do<strong> 2 uri<\/strong>.<\/p>\n\n\n\n<p>Izbirate lahko med naslednjimi jedmi (za celotno skupino isto):<\/p>\n\n\n\n<ul><li>Narezek: pr\u0161ut, sira, olive in bakala s kruhom<\/li><li>Narezek: marinirane sardele, in\u010duni v slanici, sir, olive in bakala s kruhom<\/li><\/ul>\n\n\n<p><strong>+<\/strong> Pija\u010da (rde\u010de vino, belo vino, sok, radenska, voda)<\/p>\n\n\n<div class=\"wp-block-columns\">\n<div class=\"wp-block-column\" style=\"flex-basis:100%\">\n<figure class=\"wp-block-image size-large is-resized\"><img loading=\"lazy\" src=\"https:\/\/www.solinarka.com\/wp-content\/uploads\/2024\/07\/IMG_2046-1024x394.jpg\" alt=\"\" class=\"wp-image-482\" width=\"616\" height=\"237\" srcset=\"https:\/\/www.solinarka.com\/wp-content\/uploads\/2024\/07\/IMG_2046-1024x394.jpg 1024w, https:\/\/www.solinarka.com\/wp-content\/uploads\/2024\/07\/IMG_2046-300x116.jpg 300w, https:\/\/www.solinarka.com\/wp-content\/uploads\/2024\/07\/IMG_2046-768x296.jpg 768w, https:\/\/www.solinarka.com\/wp-content\/uploads\/2024\/07\/IMG_2046-1536x592.jpg 1536w, https:\/\/www.solinarka.com\/wp-content\/uploads\/2024\/07\/IMG_2046-2048x789.jpg 2048w, https:\/\/www.solinarka.com\/wp-content\/uploads\/2024\/07\/IMG_2046-18x7.jpg 18w\" sizes=\"(max-width: 616px) 100vw, 616px\" \/><\/figure>\n<\/div>\n<\/div>\n\n\n\n<p>Cena je odvisna od \u0161tevila oseb in dodatnih posameznikovih \u017eelj. V primeru hrane je zaradi postavitve miz \u0161tevilo omejeno na <strong>40 oseb<\/strong>.<\/p>\n\n\n\n<p>Za rezervacijo termina ali dodatne info. nas kontaktirajte na tel. \u0161t. <strong>+386 31 653 682<\/strong> ali na mail naslov <strong><strong><strong>ladjica.solinarka@gmail.com<\/strong><\/strong><\/strong>.<\/p>\n\n\n\n<p><\/p>\n","protected":false},"excerpt":{"rendered":"<p>4 urni piknik &#8211; Riba Orada Ponujamo vam piknik na morju z ladjico Solinarka! Piknik traja do 4 ure in obsega naslednje jedi: Narezek (pr\u0161ut, sir, olive in bakala s kruhom) ali (marinirane sardele, in\u010duni v slanici, sir, olive in bakala s kruhom) Riba Orada s krompirjevo solato Pija\u010da (belo<\/p>\n","protected":false},"author":1,"featured_media":0,"parent":0,"menu_order":0,"comment_status":"closed","ping_status":"closed","template":"","meta":{"spay_email":""},"_links":{"self":[{"href":"https:\/\/www.solinarka.com\/sl\/wp-json\/wp\/v2\/pages\/72"}],"collection":[{"href":"https:\/\/www.solinarka.com\/sl\/wp-json\/wp\/v2\/pages"}],"about":[{"href":"https:\/\/www.solinarka.com\/sl\/wp-json\/wp\/v2\/types\/page"}],"author":[{"embeddable":true,"href":"https:\/\/www.solinarka.com\/sl\/wp-json\/wp\/v2\/users\/1"}],"replies":[{"embeddable":true,"href":"https:\/\/www.solinarka.com\/sl\/wp-json\/wp\/v2\/comments?post=72"}],"version-history":[{"count":26,"href":"https:\/\/www.solinarka.com\/sl\/wp-json\/wp\/v2\/pages\/72\/revisions"}],"predecessor-version":[{"id":493,"href":"https:\/\/www.solinarka.com\/sl\/wp-json\/wp\/v2\/pages\/72\/revisions\/493"}],"wp:attachment":[{"href":"https:\/\/www.solinarka.com\/sl\/wp-json\/wp\/v2\/media?parent=72"}],"curies":[{"name":"wp","href":"https:\/\/api.w.org\/{rel}","templated":true}]}}