{"id":73,"date":"2021-05-13T10:09:33","date_gmt":"2021-05-13T10:09:33","guid":{"rendered":"https:\/\/www.solinarka.com\/?page_id=73"},"modified":"2023-06-29T08:30:39","modified_gmt":"2023-06-29T08:30:39","slug":"ogled-secoveljskih-solin","status":"publish","type":"page","link":"https:\/\/www.solinarka.com\/sl\/ogled-secoveljskih-solin\/","title":{"rendered":"Ogled Se\u010doveljskih solin"},"content":{"rendered":"\n<p>Ladjica Solinarka je edina ladjica, s katero lahko obi\u0161\u010dete osr\u010dje Se\u010doveljskih solin. <\/p>\n\n\n\n<p>Pot se pri\u010dne z vstopom v kanal Grande, nato prispete na pomol, kjer vas pri\u010daka osebje iz Se\u010doveljskih solin.<\/p>\n\n\n\n<figure class=\"wp-block-image size-full is-resized\"><img loading=\"lazy\" src=\"https:\/\/www.solinarka.com\/wp-content\/uploads\/2022\/02\/Untitled-design-1-2.jpg\" alt=\"\" class=\"wp-image-313\" width=\"728\" height=\"272\" srcset=\"https:\/\/www.solinarka.com\/wp-content\/uploads\/2022\/02\/Untitled-design-1-2.jpg 952w, https:\/\/www.solinarka.com\/wp-content\/uploads\/2022\/02\/Untitled-design-1-2-300x112.jpg 300w, https:\/\/www.solinarka.com\/wp-content\/uploads\/2022\/02\/Untitled-design-1-2-768x287.jpg 768w, https:\/\/www.solinarka.com\/wp-content\/uploads\/2022\/02\/Untitled-design-1-2-18x7.jpg 18w\" sizes=\"(max-width: 728px) 100vw, 728px\" \/><\/figure>\n\n\n\n<p>Cena prevoza je odvisna od \u0161tevila oseb. K ceni prevoza je potrebno pla\u010dati \u0161e vstopnino za v krajinski park Se\u010doveljske soline po njihovem ceniku.<\/p>\n\n\n\n<p>Za rezervacijo termina ali ve\u010d info. smo dosegljivi na tel. \u0161t. <strong>+386 31 653 682<\/strong> ali na mail naslov <strong><strong><strong>ladjica.solinarka@gmail.com<\/strong><\/strong><\/strong>.<\/p>\n","protected":false},"excerpt":{"rendered":"<p>Ladjica Solinarka je edina ladjica, s katero lahko obi\u0161\u010dete osr\u010dje Se\u010doveljskih solin. Pot se pri\u010dne z vstopom v kanal Grande, nato prispete na pomol, kjer vas pri\u010daka osebje iz Se\u010doveljskih solin. Cena prevoza je odvisna od \u0161tevila oseb. K ceni prevoza je potrebno pla\u010dati \u0161e vstopnino za v krajinski park<\/p>\n","protected":false},"author":1,"featured_media":0,"parent":0,"menu_order":0,"comment_status":"closed","ping_status":"closed","template":"","meta":{"spay_email":""},"_links":{"self":[{"href":"https:\/\/www.solinarka.com\/sl\/wp-json\/wp\/v2\/pages\/73"}],"collection":[{"href":"https:\/\/www.solinarka.com\/sl\/wp-json\/wp\/v2\/pages"}],"about":[{"href":"https:\/\/www.solinarka.com\/sl\/wp-json\/wp\/v2\/types\/page"}],"author":[{"embeddable":true,"href":"https:\/\/www.solinarka.com\/sl\/wp-json\/wp\/v2\/users\/1"}],"replies":[{"embeddable":true,"href":"https:\/\/www.solinarka.com\/sl\/wp-json\/wp\/v2\/comments?post=73"}],"version-history":[{"count":7,"href":"https:\/\/www.solinarka.com\/sl\/wp-json\/wp\/v2\/pages\/73\/revisions"}],"predecessor-version":[{"id":370,"href":"https:\/\/www.solinarka.com\/sl\/wp-json\/wp\/v2\/pages\/73\/revisions\/370"}],"wp:attachment":[{"href":"https:\/\/www.solinarka.com\/sl\/wp-json\/wp\/v2\/media?parent=73"}],"curies":[{"name":"wp","href":"https:\/\/api.w.org\/{rel}","templated":true}]}}