{"id":74,"date":"2021-05-13T10:09:33","date_gmt":"2021-05-13T10:09:33","guid":{"rendered":"https:\/\/www.solinarka.com\/?page_id=74"},"modified":"2023-06-29T08:30:57","modified_gmt":"2023-06-29T08:30:57","slug":"kopanje","status":"publish","type":"page","link":"https:\/\/www.solinarka.com\/sl\/kopanje\/","title":{"rendered":"Kopanje na morju"},"content":{"rendered":"\n<p>Ponujamo tudi mo\u017enost kopanja na \u017eeljeni destinaciji, kjer je kopanje dovoljeno. Priporo\u010damo kopanje ob naravni pla\u017ei na Belih skalah.<\/p>\n\n\n\n<figure class=\"wp-block-image size-full is-resized\"><img loading=\"lazy\" src=\"https:\/\/www.solinarka.com\/wp-content\/uploads\/2022\/02\/Untitled-design-2-1.jpg\" alt=\"\" class=\"wp-image-316\" width=\"678\" height=\"243\" srcset=\"https:\/\/www.solinarka.com\/wp-content\/uploads\/2022\/02\/Untitled-design-2-1.jpg 954w, https:\/\/www.solinarka.com\/wp-content\/uploads\/2022\/02\/Untitled-design-2-1-300x108.jpg 300w, https:\/\/www.solinarka.com\/wp-content\/uploads\/2022\/02\/Untitled-design-2-1-768x275.jpg 768w, https:\/\/www.solinarka.com\/wp-content\/uploads\/2022\/02\/Untitled-design-2-1-18x6.jpg 18w\" sizes=\"(max-width: 678px) 100vw, 678px\" \/><\/figure>\n\n\n\n<p>Za rezervacijo termina ali ve\u010d info. smo vam dosegljivi tudi na tel \u0161t. <strong><strong>+386 31 653 682<\/strong><\/strong> ali na mail naslov <strong><strong><strong>ladjica.solinarka@gmail.com<\/strong><\/strong><\/strong>.<\/p>\n","protected":false},"excerpt":{"rendered":"<p>Ponujamo tudi mo\u017enost kopanja na \u017eeljeni destinaciji, kjer je kopanje dovoljeno. Priporo\u010damo kopanje ob naravni pla\u017ei na Belih skalah. Za rezervacijo termina ali ve\u010d info. smo vam dosegljivi tudi na tel \u0161t. +386 31 653 682 ali na mail naslov ladjica.solinarka@gmail.com.<\/p>\n","protected":false},"author":1,"featured_media":0,"parent":0,"menu_order":0,"comment_status":"closed","ping_status":"closed","template":"","meta":{"spay_email":""},"_links":{"self":[{"href":"https:\/\/www.solinarka.com\/sl\/wp-json\/wp\/v2\/pages\/74"}],"collection":[{"href":"https:\/\/www.solinarka.com\/sl\/wp-json\/wp\/v2\/pages"}],"about":[{"href":"https:\/\/www.solinarka.com\/sl\/wp-json\/wp\/v2\/types\/page"}],"author":[{"embeddable":true,"href":"https:\/\/www.solinarka.com\/sl\/wp-json\/wp\/v2\/users\/1"}],"replies":[{"embeddable":true,"href":"https:\/\/www.solinarka.com\/sl\/wp-json\/wp\/v2\/comments?post=74"}],"version-history":[{"count":8,"href":"https:\/\/www.solinarka.com\/sl\/wp-json\/wp\/v2\/pages\/74\/revisions"}],"predecessor-version":[{"id":371,"href":"https:\/\/www.solinarka.com\/sl\/wp-json\/wp\/v2\/pages\/74\/revisions\/371"}],"wp:attachment":[{"href":"https:\/\/www.solinarka.com\/sl\/wp-json\/wp\/v2\/media?parent=74"}],"curies":[{"name":"wp","href":"https:\/\/api.w.org\/{rel}","templated":true}]}}